{"id":2440,"date":"2024-07-22T23:16:22","date_gmt":"2024-07-22T21:16:22","guid":{"rendered":"https:\/\/afen.fr\/?page_id=2440"},"modified":"2024-07-30T22:21:06","modified_gmt":"2024-07-30T20:21:06","slug":"jobs","status":"publish","type":"page","link":"https:\/\/afen.fr\/en\/elementor-2440\/","title":{"rendered":"Job Board"},"content":{"rendered":"<div data-elementor-type=\"wp-page\" data-elementor-id=\"2440\" class=\"elementor elementor-2440\" data-elementor-post-type=\"page\">\n\t\t\t\t<div class=\"elementor-element elementor-element-2041932 e-con-full e-flex e-con e-parent\" data-id=\"2041932\" data-element_type=\"container\">\n\t\t\t\t<div class=\"elementor-element elementor-element-3348f9d elementor-widget elementor-widget-template\" data-id=\"3348f9d\" data-element_type=\"widget\" data-widget_type=\"template.default\">\n\t\t\t\t<div class=\"elementor-widget-container\">\n\t\t\t\t\t<div class=\"elementor-template\">\n\t\t\t\t\t<div data-elementor-type=\"container\" data-elementor-id=\"588\" class=\"elementor elementor-588\" data-elementor-post-type=\"elementor_library\">\n\t\t\t\t<div class=\"elementor-element elementor-element-dc1f251 e-flex e-con-boxed e-con e-parent\" data-id=\"dc1f251\" data-element_type=\"container\" data-settings=\"{&quot;background_background&quot;:&quot;classic&quot;}\">\n\t\t\t\t\t<div class=\"e-con-inner\">\n\t\t\t\t<div class=\"elementor-element elementor-element-35cfd9d elementor-widget elementor-widget-breadcrumbs\" data-id=\"35cfd9d\" data-element_type=\"widget\" data-widget_type=\"breadcrumbs.default\">\n\t\t\t\t<div class=\"elementor-widget-container\">\n\t\t\t<p id=\"breadcrumbs\"><span><span><a href=\"https:\/\/afen.fr\/en\/\">Homepage<\/a><\/span><\/span><\/p>\t\t<\/div>\n\t\t\t\t<\/div>\n\t\t\t\t\t<\/div>\n\t\t\t\t<\/div>\n\t\t\t\t<\/div>\n\t\t\t\t<\/div>\n\t\t\t\t<\/div>\n\t\t\t\t<\/div>\n\t\t\t\t<\/div>\n\t\t<div class=\"elementor-element elementor-element-de9bac7 e-flex e-con-boxed e-con e-parent\" data-id=\"de9bac7\" data-element_type=\"container\">\n\t\t\t\t\t<div class=\"e-con-inner\">\n\t\t\t\t<div class=\"elementor-element elementor-element-cdc0ecc elementor-widget elementor-widget-html\" data-id=\"cdc0ecc\" data-element_type=\"widget\" data-widget_type=\"html.default\">\n\t\t\t\t<div class=\"elementor-widget-container\">\n\t\t\t<div id=\"cdrjobsIFrame\" style=\"width: 100%; flex: 1;\"><\/div>\n\n<script type=\"text\/javascript\" src=\"https:\/\/pym.nprapps.org\/pym.v1.min.js\"><\/script>\n<script>\n  var pymParent = new pym.Parent(\n    'cdrjobsIFrame',\n    'https:\/\/embed.cdrjobs.earth\/embed\/e5f0cfda-8715-43f7-9e09-c37e33cda68b\/afen',\n    { initialWidth: '100hv' },\n); <\/script>\t\t<\/div>\n\t\t\t\t<\/div>\n\t\t\t\t\t<\/div>\n\t\t\t\t<\/div>\n\t\t\t\t<\/div>","protected":false},"excerpt":{"rendered":"","protected":false},"author":1,"featured_media":0,"parent":0,"menu_order":0,"comment_status":"closed","ping_status":"closed","template":"","meta":{"footnotes":""},"class_list":["post-2440","page","type-page","status-publish","hentry"],"yoast_head":"<!-- This site is optimized with the Yoast SEO plugin v23.4 - https:\/\/yoast.com\/wordpress\/plugins\/seo\/ -->\n<title>Job Board &#8211; AFEN<\/title>\n<meta name=\"robots\" content=\"index, follow, max-snippet:-1, max-image-preview:large, max-video-preview:-1\" \/>\n<link rel=\"canonical\" href=\"https:\/\/afen.fr\/en\/elementor-2440\/\" \/>\n<meta property=\"og:locale\" content=\"en_US\" \/>\n<meta property=\"og:type\" content=\"article\" \/>\n<meta property=\"og:title\" content=\"Job Board &#8211; AFEN\" \/>\n<meta property=\"og:url\" content=\"https:\/\/afen.fr\/en\/elementor-2440\/\" \/>\n<meta property=\"og:site_name\" content=\"AFEN\" \/>\n<meta property=\"article:modified_time\" content=\"2024-07-30T20:21:06+00:00\" \/>\n<meta name=\"twitter:card\" content=\"summary_large_image\" \/>\n<meta name=\"twitter:label1\" content=\"Est. reading time\" \/>\n\t<meta name=\"twitter:data1\" content=\"1 minute\" \/>\n<script type=\"application\/ld+json\" class=\"yoast-schema-graph\">{\"@context\":\"https:\/\/schema.org\",\"@graph\":[{\"@type\":\"WebPage\",\"@id\":\"https:\/\/afen.fr\/jobs\/\",\"url\":\"https:\/\/afen.fr\/jobs\/\",\"name\":\"Job Board &#8211; AFEN\",\"isPartOf\":{\"@id\":\"https:\/\/afen.fr\/#website\"},\"datePublished\":\"2024-07-22T21:16:22+00:00\",\"dateModified\":\"2024-07-30T20:21:06+00:00\",\"breadcrumb\":{\"@id\":\"https:\/\/afen.fr\/jobs\/#breadcrumb\"},\"inLanguage\":\"en-US\",\"potentialAction\":[{\"@type\":\"ReadAction\",\"target\":[\"https:\/\/afen.fr\/jobs\/\"]}]},{\"@type\":\"BreadcrumbList\",\"@id\":\"https:\/\/afen.fr\/jobs\/#breadcrumb\",\"itemListElement\":[{\"@type\":\"ListItem\",\"position\":1,\"name\":\"Accueil\",\"item\":\"https:\/\/afen.fr\/\"},{\"@type\":\"ListItem\",\"position\":2,\"name\":\"Job Board\"}]},{\"@type\":\"WebSite\",\"@id\":\"https:\/\/afen.fr\/#website\",\"url\":\"https:\/\/afen.fr\/\",\"name\":\"AFEN\",\"description\":\"Association Fran\u00e7aise pour les \u00c9missions N\u00e9gatives\",\"publisher\":{\"@id\":\"https:\/\/afen.fr\/#organization\"},\"potentialAction\":[{\"@type\":\"SearchAction\",\"target\":{\"@type\":\"EntryPoint\",\"urlTemplate\":\"https:\/\/afen.fr\/?s={search_term_string}\"},\"query-input\":{\"@type\":\"PropertyValueSpecification\",\"valueRequired\":true,\"valueName\":\"search_term_string\"}}],\"inLanguage\":\"en-US\"},{\"@type\":\"Organization\",\"@id\":\"https:\/\/afen.fr\/#organization\",\"name\":\"Association Fran\u00e7aise pour les Emissions N\u00e9gatives\",\"alternateName\":\"AFEN\",\"url\":\"https:\/\/afen.fr\/\",\"logo\":{\"@type\":\"ImageObject\",\"inLanguage\":\"en-US\",\"@id\":\"https:\/\/afen.fr\/#\/schema\/logo\/image\/\",\"url\":\"https:\/\/afen.fr\/wp-content\/uploads\/2024\/03\/AFEN-logo_rvb.svg\",\"contentUrl\":\"https:\/\/afen.fr\/wp-content\/uploads\/2024\/03\/AFEN-logo_rvb.svg\",\"width\":777,\"height\":120,\"caption\":\"Association Fran\u00e7aise pour les Emissions N\u00e9gatives\"},\"image\":{\"@id\":\"https:\/\/afen.fr\/#\/schema\/logo\/image\/\"},\"sameAs\":[\"https:\/\/www.linkedin.com\/company\/afen\/\"]}]}<\/script>\n<!-- \/ Yoast SEO plugin. -->","yoast_head_json":{"title":"Job Board &#8211; AFEN","robots":{"index":"index","follow":"follow","max-snippet":"max-snippet:-1","max-image-preview":"max-image-preview:large","max-video-preview":"max-video-preview:-1"},"canonical":"https:\/\/afen.fr\/en\/elementor-2440\/","og_locale":"en_US","og_type":"article","og_title":"Job Board &#8211; AFEN","og_url":"https:\/\/afen.fr\/en\/elementor-2440\/","og_site_name":"AFEN","article_modified_time":"2024-07-30T20:21:06+00:00","twitter_card":"summary_large_image","twitter_misc":{"Est. reading time":"1 minute"},"schema":{"@context":"https:\/\/schema.org","@graph":[{"@type":"WebPage","@id":"https:\/\/afen.fr\/jobs\/","url":"https:\/\/afen.fr\/jobs\/","name":"Job Board &#8211; AFEN","isPartOf":{"@id":"https:\/\/afen.fr\/#website"},"datePublished":"2024-07-22T21:16:22+00:00","dateModified":"2024-07-30T20:21:06+00:00","breadcrumb":{"@id":"https:\/\/afen.fr\/jobs\/#breadcrumb"},"inLanguage":"en-US","potentialAction":[{"@type":"ReadAction","target":["https:\/\/afen.fr\/jobs\/"]}]},{"@type":"BreadcrumbList","@id":"https:\/\/afen.fr\/jobs\/#breadcrumb","itemListElement":[{"@type":"ListItem","position":1,"name":"Accueil","item":"https:\/\/afen.fr\/"},{"@type":"ListItem","position":2,"name":"Job Board"}]},{"@type":"WebSite","@id":"https:\/\/afen.fr\/#website","url":"https:\/\/afen.fr\/","name":"AFEN","description":"Association Fran\u00e7aise pour les \u00c9missions N\u00e9gatives","publisher":{"@id":"https:\/\/afen.fr\/#organization"},"potentialAction":[{"@type":"SearchAction","target":{"@type":"EntryPoint","urlTemplate":"https:\/\/afen.fr\/?s={search_term_string}"},"query-input":{"@type":"PropertyValueSpecification","valueRequired":true,"valueName":"search_term_string"}}],"inLanguage":"en-US"},{"@type":"Organization","@id":"https:\/\/afen.fr\/#organization","name":"Association Fran\u00e7aise pour les Emissions N\u00e9gatives","alternateName":"AFEN","url":"https:\/\/afen.fr\/","logo":{"@type":"ImageObject","inLanguage":"en-US","@id":"https:\/\/afen.fr\/#\/schema\/logo\/image\/","url":"https:\/\/afen.fr\/wp-content\/uploads\/2024\/03\/AFEN-logo_rvb.svg","contentUrl":"https:\/\/afen.fr\/wp-content\/uploads\/2024\/03\/AFEN-logo_rvb.svg","width":777,"height":120,"caption":"Association Fran\u00e7aise pour les Emissions N\u00e9gatives"},"image":{"@id":"https:\/\/afen.fr\/#\/schema\/logo\/image\/"},"sameAs":["https:\/\/www.linkedin.com\/company\/afen\/"]}]}},"_links":{"self":[{"href":"https:\/\/afen.fr\/en\/wp-json\/wp\/v2\/pages\/2440"}],"collection":[{"href":"https:\/\/afen.fr\/en\/wp-json\/wp\/v2\/pages"}],"about":[{"href":"https:\/\/afen.fr\/en\/wp-json\/wp\/v2\/types\/page"}],"author":[{"embeddable":true,"href":"https:\/\/afen.fr\/en\/wp-json\/wp\/v2\/users\/1"}],"replies":[{"embeddable":true,"href":"https:\/\/afen.fr\/en\/wp-json\/wp\/v2\/comments?post=2440"}],"version-history":[{"count":12,"href":"https:\/\/afen.fr\/en\/wp-json\/wp\/v2\/pages\/2440\/revisions"}],"predecessor-version":[{"id":2466,"href":"https:\/\/afen.fr\/en\/wp-json\/wp\/v2\/pages\/2440\/revisions\/2466"}],"wp:attachment":[{"href":"https:\/\/afen.fr\/en\/wp-json\/wp\/v2\/media?parent=2440"}],"curies":[{"name":"wp","href":"https:\/\/api.w.org\/{rel}","templated":true}]}}