{"id":2733,"date":"2025-05-02T17:28:18","date_gmt":"2025-05-02T15:28:18","guid":{"rendered":"https:\/\/afen.fr\/?page_id=2733"},"modified":"2026-03-11T10:50:26","modified_gmt":"2026-03-11T09:50:26","slug":"guideachat","status":"publish","type":"page","link":"https:\/\/afen.fr\/en\/ressources-and-events\/carbon-elimination-purchasing-guide-for-businesses\/","title":{"rendered":"Carbon Elimination Purchasing Guide for Businesses"},"content":{"rendered":"<div data-elementor-type=\"wp-page\" data-elementor-id=\"2733\" class=\"elementor elementor-2733\" data-elementor-post-type=\"page\">\n\t\t\t\t<div class=\"elementor-element elementor-element-7fe6c91a e-flex e-con-boxed e-con e-parent\" data-id=\"7fe6c91a\" data-element_type=\"container\">\n\t\t\t\t\t<div class=\"e-con-inner\">\n\t\t\t\t<div class=\"elementor-element elementor-element-4428a5c elementor-widget elementor-widget-template\" data-id=\"4428a5c\" data-element_type=\"widget\" data-widget_type=\"template.default\">\n\t\t\t\t<div class=\"elementor-widget-container\">\n\t\t\t\t\t<div class=\"elementor-template\">\n\t\t\t\t\t<div data-elementor-type=\"container\" data-elementor-id=\"588\" class=\"elementor elementor-588\" data-elementor-post-type=\"elementor_library\">\n\t\t\t\t<div class=\"elementor-element elementor-element-dc1f251 e-flex e-con-boxed e-con e-parent\" data-id=\"dc1f251\" data-element_type=\"container\" data-settings=\"{&quot;background_background&quot;:&quot;classic&quot;}\">\n\t\t\t\t\t<div class=\"e-con-inner\">\n\t\t\t\t<div class=\"elementor-element elementor-element-35cfd9d elementor-widget elementor-widget-breadcrumbs\" data-id=\"35cfd9d\" data-element_type=\"widget\" data-widget_type=\"breadcrumbs.default\">\n\t\t\t\t<div class=\"elementor-widget-container\">\n\t\t\t<p id=\"breadcrumbs\"><span><span><a href=\"https:\/\/afen.fr\/en\/\">Homepage<\/a><\/span><\/span><\/p>\t\t<\/div>\n\t\t\t\t<\/div>\n\t\t\t\t\t<\/div>\n\t\t\t\t<\/div>\n\t\t\t\t<\/div>\n\t\t\t\t<\/div>\n\t\t\t\t<\/div>\n\t\t\t\t<\/div>\n\t\t\t\t<div class=\"elementor-element elementor-element-4597048f elementor-widget elementor-widget-text-editor\" data-id=\"4597048f\" data-element_type=\"widget\" data-widget_type=\"text-editor.default\">\n\t\t\t\t<div class=\"elementor-widget-container\">\n\t\t\t\t\t\t\t<p><!-- wp:paragraph {\"fontSize\":\"medium\"} --><\/p>\n<div>\n<div class=\"page-header\">\n<h1 style=\"width: 800px;\"><strong style=\"color: inherit; font-family: inherit; font-size: 20px;\">Carbon Elimination Purchasing Guide by AFEN<\/strong><\/h1>\n<\/div>\n<\/div>\n<p>AFEN publishes the first comprehensive French-language guide for companies on how to structure their purchases of carbon offset credits (CERs).<\/p>\n<p><!-- \/wp:paragraph --><\/p>\n<p><!-- wp:paragraph --><\/p>\n<p>This guide features :<\/p>\n<p><!-- \/wp:paragraph --><\/p>\n<p><!-- wp:list {\"ordered\":true} --><\/p>\n<ol>\n<li style=\"list-style-type: none;\">\n<ol><!-- wp:list-item --><\/ol>\n<\/li>\n<\/ol>\n<ol>\n<li style=\"list-style-type: none;\">\n<ol>\n<li>A <b>roadmap<\/b> five steps to integrating EDC into your climate strategy<\/li>\n<li>From<b> clear criteria <\/b>in line with best market practices<\/li>\n<li>From<b> concrete cases<\/b> and market data to inform your decisions<\/li>\n<\/ol>\n<\/li>\n<\/ol>\n<p><!-- \/wp:list-item --><\/p>\n<p><!-- \/wp:list --><\/p>\n<p><!-- wp:paragraph --><\/p>\n<p><strong>Why now?<br \/><\/strong>By 2030, demand for EDC credits will far outstrip supply. By committing today, you can secure volumes, anticipate European regulatory requirements and strengthen your climate positioning.<\/p>\n<p><!-- \/wp:paragraph --><\/p>\n<p><!-- wp:paragraph --><\/p>\n<p><strong>Follow our news and reports<\/strong>\u00a0: <a href=\"https:\/\/afen.fr\/en\/\">www.afen.fr<\/a> or <a href=\"https:\/\/fr.linkedin.com\/company\/afen\">https:\/\/fr.linkedin.com\/company\/afen<\/a><\/p>\n<p>\u00a0<\/p>\n<p><!-- \/wp:paragraph --><\/p>\n<p><!-- wp:paragraph --><\/p>\n<p><!-- \/wp:paragraph --><\/p>\t\t\t\t\t\t<\/div>\n\t\t\t\t<\/div>\n\t\t\t\t<div class=\"elementor-element elementor-element-6ab5200 elementor-button-success elementor-align-center elementor-widget elementor-widget-button\" data-id=\"6ab5200\" data-element_type=\"widget\" data-widget_type=\"button.default\">\n\t\t\t\t<div class=\"elementor-widget-container\">\n\t\t\t\t\t<div class=\"elementor-button-wrapper\">\n\t\t\t<a class=\"elementor-button elementor-button-link elementor-size-sm\" href=\"https:\/\/afen.fr\/wp-content\/uploads\/2025\/05\/AFEN-Guide-dachat.EDC_.pdf\" target=\"_blank\">\n\t\t\t\t\t\t<span class=\"elementor-button-content-wrapper\">\n\t\t\t\t\t\t\t\t\t<span class=\"elementor-button-text\">Download buying guide<\/span>\n\t\t\t\t\t<\/span>\n\t\t\t\t\t<\/a>\n\t\t<\/div>\n\t\t\t\t<\/div>\n\t\t\t\t<\/div>\n\t\t\t\t<div class=\"elementor-element elementor-element-0ffa45c elementor-widget elementor-widget-image\" data-id=\"0ffa45c\" data-element_type=\"widget\" data-widget_type=\"image.default\">\n\t\t\t\t<div class=\"elementor-widget-container\">\n\t\t\t\t\t\t\t\t\t\t\t\t\t<img fetchpriority=\"high\" decoding=\"async\" width=\"725\" height=\"1024\" src=\"https:\/\/afen.fr\/wp-content\/uploads\/2025\/05\/Capture-decran-2025-05-07-a-15.22.58-725x1024.png\" class=\"attachment-large size-large wp-image-2815\" alt=\"\" srcset=\"https:\/\/afen.fr\/wp-content\/uploads\/2025\/05\/Capture-decran-2025-05-07-a-15.22.58-725x1024.png 725w, https:\/\/afen.fr\/wp-content\/uploads\/2025\/05\/Capture-decran-2025-05-07-a-15.22.58-212x300.png 212w, https:\/\/afen.fr\/wp-content\/uploads\/2025\/05\/Capture-decran-2025-05-07-a-15.22.58-768x1085.png 768w, https:\/\/afen.fr\/wp-content\/uploads\/2025\/05\/Capture-decran-2025-05-07-a-15.22.58-8x12.png 8w, https:\/\/afen.fr\/wp-content\/uploads\/2025\/05\/Capture-decran-2025-05-07-a-15.22.58.png 808w\" sizes=\"(max-width: 725px) 100vw, 725px\" \/>\t\t\t\t\t\t\t\t\t\t\t\t\t<\/div>\n\t\t\t\t<\/div>\n\t\t\t\t\t<\/div>\n\t\t\t\t<\/div>\n\t\t<div class=\"elementor-element elementor-element-70e8602 e-flex e-con-boxed e-con e-parent\" data-id=\"70e8602\" data-element_type=\"container\">\n\t\t\t\t\t<div class=\"e-con-inner\">\n\t\t\t\t<div class=\"elementor-element elementor-element-e51cd6b elementor-widget-divider--view-line elementor-widget elementor-widget-divider\" data-id=\"e51cd6b\" data-element_type=\"widget\" data-widget_type=\"divider.default\">\n\t\t\t\t<div class=\"elementor-widget-container\">\n\t\t\t\t\t<div class=\"elementor-divider\">\n\t\t\t<span class=\"elementor-divider-separator\">\n\t\t\t\t\t\t<\/span>\n\t\t<\/div>\n\t\t\t\t<\/div>\n\t\t\t\t<\/div>\n\t\t\t\t\t<\/div>\n\t\t\t\t<\/div>\n\t\t\t\t<\/div>","protected":false},"excerpt":{"rendered":"<p>Le Guide d'Achat pour l'\u00c9limination du Carbone by AFEN AFEN publishes the first comprehensive guide in French for companies to structure their purchases of carbon offset credits (EDCs). By 2030, demand for EDCs will far outstrip supply. Making a commitment today means securing volumes, anticipating [...]<\/p>","protected":false},"author":4,"featured_media":2734,"parent":585,"menu_order":0,"comment_status":"closed","ping_status":"closed","template":"","meta":{"footnotes":""},"class_list":["post-2733","page","type-page","status-publish","has-post-thumbnail","hentry"],"yoast_head":"<!-- This site is optimized with the Yoast SEO plugin v23.4 - https:\/\/yoast.com\/wordpress\/plugins\/seo\/ -->\n<title>Guide d\u2019achat pour l\u2019\u00e9limination du carbone, \u00e0 l\u2019usage des entreprises &#8211; AFEN<\/title>\n<meta name=\"robots\" content=\"index, follow, max-snippet:-1, max-image-preview:large, max-video-preview:-1\" \/>\n<link rel=\"canonical\" href=\"https:\/\/afen.fr\/en\/ressources-and-events\/carbon-elimination-purchasing-guide-for-businesses\/\" \/>\n<meta property=\"og:locale\" content=\"en_US\" \/>\n<meta property=\"og:type\" content=\"article\" \/>\n<meta property=\"og:title\" content=\"Guide d\u2019achat pour l\u2019\u00e9limination du carbone, \u00e0 l\u2019usage des entreprises &#8211; AFEN\" \/>\n<meta property=\"og:description\" content=\"Le Guide d\u2019Achat pour l\u2019\u00c9limination du Carbone par l\u2019AFEN L\u2019AFEN publie le premier guide complet en fran\u00e7ais \u00e0 destination des entreprises pour structurer leurs achats de cr\u00e9dits d\u2019\u00e9limination du carbone (EDC). Ce guide propose : Pourquoi maintenant ?D\u2019ici 2030, la demande de cr\u00e9dits EDC d\u00e9passera largement l\u2019offre. S\u2019engager d\u00e8s aujourd\u2019hui, c\u2019est s\u00e9curiser des volumes, anticiper [&hellip;]\" \/>\n<meta property=\"og:url\" content=\"https:\/\/afen.fr\/en\/ressources-and-events\/carbon-elimination-purchasing-guide-for-businesses\/\" \/>\n<meta property=\"og:site_name\" content=\"AFEN\" \/>\n<meta property=\"article:modified_time\" content=\"2026-03-11T09:50:26+00:00\" \/>\n<meta property=\"og:image\" content=\"https:\/\/afen.fr\/wp-content\/uploads\/2025\/05\/Capture-decran-2025-05-02-a-17.03.25-1024x646.png\" \/>\n\t<meta property=\"og:image:width\" content=\"1024\" \/>\n\t<meta property=\"og:image:height\" content=\"646\" \/>\n\t<meta property=\"og:image:type\" content=\"image\/png\" \/>\n<meta name=\"twitter:card\" content=\"summary_large_image\" \/>\n<meta name=\"twitter:label1\" content=\"Est. reading time\" \/>\n\t<meta name=\"twitter:data1\" content=\"1 minute\" \/>\n<script type=\"application\/ld+json\" class=\"yoast-schema-graph\">{\"@context\":\"https:\/\/schema.org\",\"@graph\":[{\"@type\":\"WebPage\",\"@id\":\"https:\/\/afen.fr\/ressources-et-evenements\/guideachat\/\",\"url\":\"https:\/\/afen.fr\/ressources-et-evenements\/guideachat\/\",\"name\":\"Guide d\u2019achat pour l\u2019\u00e9limination du carbone, \u00e0 l\u2019usage des entreprises &#8211; AFEN\",\"isPartOf\":{\"@id\":\"https:\/\/afen.fr\/#website\"},\"primaryImageOfPage\":{\"@id\":\"https:\/\/afen.fr\/ressources-et-evenements\/guideachat\/#primaryimage\"},\"image\":{\"@id\":\"https:\/\/afen.fr\/ressources-et-evenements\/guideachat\/#primaryimage\"},\"thumbnailUrl\":\"https:\/\/afen.fr\/wp-content\/uploads\/2025\/05\/Capture-decran-2025-05-02-a-17.03.25.png\",\"datePublished\":\"2025-05-02T15:28:18+00:00\",\"dateModified\":\"2026-03-11T09:50:26+00:00\",\"breadcrumb\":{\"@id\":\"https:\/\/afen.fr\/ressources-et-evenements\/guideachat\/#breadcrumb\"},\"inLanguage\":\"en-US\",\"potentialAction\":[{\"@type\":\"ReadAction\",\"target\":[\"https:\/\/afen.fr\/ressources-et-evenements\/guideachat\/\"]}]},{\"@type\":\"ImageObject\",\"inLanguage\":\"en-US\",\"@id\":\"https:\/\/afen.fr\/ressources-et-evenements\/guideachat\/#primaryimage\",\"url\":\"https:\/\/afen.fr\/wp-content\/uploads\/2025\/05\/Capture-decran-2025-05-02-a-17.03.25.png\",\"contentUrl\":\"https:\/\/afen.fr\/wp-content\/uploads\/2025\/05\/Capture-decran-2025-05-02-a-17.03.25.png\",\"width\":2078,\"height\":1310},{\"@type\":\"BreadcrumbList\",\"@id\":\"https:\/\/afen.fr\/ressources-et-evenements\/guideachat\/#breadcrumb\",\"itemListElement\":[{\"@type\":\"ListItem\",\"position\":1,\"name\":\"Accueil\",\"item\":\"https:\/\/afen.fr\/\"},{\"@type\":\"ListItem\",\"position\":2,\"name\":\"Ressources et \u00e9v\u00e9nements\",\"item\":\"https:\/\/afen.fr\/ressources-et-evenements\/\"},{\"@type\":\"ListItem\",\"position\":3,\"name\":\"Guide d\u2019achat pour l\u2019\u00e9limination du carbone, \u00e0 l\u2019usage des entreprises\"}]},{\"@type\":\"WebSite\",\"@id\":\"https:\/\/afen.fr\/#website\",\"url\":\"https:\/\/afen.fr\/\",\"name\":\"AFEN\",\"description\":\"Association Fran\u00e7aise pour les \u00c9missions N\u00e9gatives\",\"publisher\":{\"@id\":\"https:\/\/afen.fr\/#organization\"},\"potentialAction\":[{\"@type\":\"SearchAction\",\"target\":{\"@type\":\"EntryPoint\",\"urlTemplate\":\"https:\/\/afen.fr\/?s={search_term_string}\"},\"query-input\":{\"@type\":\"PropertyValueSpecification\",\"valueRequired\":true,\"valueName\":\"search_term_string\"}}],\"inLanguage\":\"en-US\"},{\"@type\":\"Organization\",\"@id\":\"https:\/\/afen.fr\/#organization\",\"name\":\"Association Fran\u00e7aise pour les Emissions N\u00e9gatives\",\"alternateName\":\"AFEN\",\"url\":\"https:\/\/afen.fr\/\",\"logo\":{\"@type\":\"ImageObject\",\"inLanguage\":\"en-US\",\"@id\":\"https:\/\/afen.fr\/#\/schema\/logo\/image\/\",\"url\":\"https:\/\/afen.fr\/wp-content\/uploads\/2024\/03\/AFEN-logo_rvb.svg\",\"contentUrl\":\"https:\/\/afen.fr\/wp-content\/uploads\/2024\/03\/AFEN-logo_rvb.svg\",\"width\":777,\"height\":120,\"caption\":\"Association Fran\u00e7aise pour les Emissions N\u00e9gatives\"},\"image\":{\"@id\":\"https:\/\/afen.fr\/#\/schema\/logo\/image\/\"},\"sameAs\":[\"https:\/\/www.linkedin.com\/company\/afen\/\"]}]}<\/script>\n<!-- \/ Yoast SEO plugin. -->","yoast_head_json":{"title":"Guide d\u2019achat pour l\u2019\u00e9limination du carbone, \u00e0 l\u2019usage des entreprises &#8211; AFEN","robots":{"index":"index","follow":"follow","max-snippet":"max-snippet:-1","max-image-preview":"max-image-preview:large","max-video-preview":"max-video-preview:-1"},"canonical":"https:\/\/afen.fr\/en\/ressources-and-events\/carbon-elimination-purchasing-guide-for-businesses\/","og_locale":"en_US","og_type":"article","og_title":"Guide d\u2019achat pour l\u2019\u00e9limination du carbone, \u00e0 l\u2019usage des entreprises &#8211; AFEN","og_description":"Le Guide d\u2019Achat pour l\u2019\u00c9limination du Carbone par l\u2019AFEN L\u2019AFEN publie le premier guide complet en fran\u00e7ais \u00e0 destination des entreprises pour structurer leurs achats de cr\u00e9dits d\u2019\u00e9limination du carbone (EDC). Ce guide propose : Pourquoi maintenant ?D\u2019ici 2030, la demande de cr\u00e9dits EDC d\u00e9passera largement l\u2019offre. S\u2019engager d\u00e8s aujourd\u2019hui, c\u2019est s\u00e9curiser des volumes, anticiper [&hellip;]","og_url":"https:\/\/afen.fr\/en\/ressources-and-events\/carbon-elimination-purchasing-guide-for-businesses\/","og_site_name":"AFEN","article_modified_time":"2026-03-11T09:50:26+00:00","og_image":[{"width":1024,"height":646,"url":"https:\/\/afen.fr\/wp-content\/uploads\/2025\/05\/Capture-decran-2025-05-02-a-17.03.25-1024x646.png","type":"image\/png"}],"twitter_card":"summary_large_image","twitter_misc":{"Est. reading time":"1 minute"},"schema":{"@context":"https:\/\/schema.org","@graph":[{"@type":"WebPage","@id":"https:\/\/afen.fr\/ressources-et-evenements\/guideachat\/","url":"https:\/\/afen.fr\/ressources-et-evenements\/guideachat\/","name":"Guide d\u2019achat pour l\u2019\u00e9limination du carbone, \u00e0 l\u2019usage des entreprises &#8211; AFEN","isPartOf":{"@id":"https:\/\/afen.fr\/#website"},"primaryImageOfPage":{"@id":"https:\/\/afen.fr\/ressources-et-evenements\/guideachat\/#primaryimage"},"image":{"@id":"https:\/\/afen.fr\/ressources-et-evenements\/guideachat\/#primaryimage"},"thumbnailUrl":"https:\/\/afen.fr\/wp-content\/uploads\/2025\/05\/Capture-decran-2025-05-02-a-17.03.25.png","datePublished":"2025-05-02T15:28:18+00:00","dateModified":"2026-03-11T09:50:26+00:00","breadcrumb":{"@id":"https:\/\/afen.fr\/ressources-et-evenements\/guideachat\/#breadcrumb"},"inLanguage":"en-US","potentialAction":[{"@type":"ReadAction","target":["https:\/\/afen.fr\/ressources-et-evenements\/guideachat\/"]}]},{"@type":"ImageObject","inLanguage":"en-US","@id":"https:\/\/afen.fr\/ressources-et-evenements\/guideachat\/#primaryimage","url":"https:\/\/afen.fr\/wp-content\/uploads\/2025\/05\/Capture-decran-2025-05-02-a-17.03.25.png","contentUrl":"https:\/\/afen.fr\/wp-content\/uploads\/2025\/05\/Capture-decran-2025-05-02-a-17.03.25.png","width":2078,"height":1310},{"@type":"BreadcrumbList","@id":"https:\/\/afen.fr\/ressources-et-evenements\/guideachat\/#breadcrumb","itemListElement":[{"@type":"ListItem","position":1,"name":"Accueil","item":"https:\/\/afen.fr\/"},{"@type":"ListItem","position":2,"name":"Ressources et \u00e9v\u00e9nements","item":"https:\/\/afen.fr\/ressources-et-evenements\/"},{"@type":"ListItem","position":3,"name":"Guide d\u2019achat pour l\u2019\u00e9limination du carbone, \u00e0 l\u2019usage des entreprises"}]},{"@type":"WebSite","@id":"https:\/\/afen.fr\/#website","url":"https:\/\/afen.fr\/","name":"AFEN","description":"Association Fran\u00e7aise pour les \u00c9missions N\u00e9gatives","publisher":{"@id":"https:\/\/afen.fr\/#organization"},"potentialAction":[{"@type":"SearchAction","target":{"@type":"EntryPoint","urlTemplate":"https:\/\/afen.fr\/?s={search_term_string}"},"query-input":{"@type":"PropertyValueSpecification","valueRequired":true,"valueName":"search_term_string"}}],"inLanguage":"en-US"},{"@type":"Organization","@id":"https:\/\/afen.fr\/#organization","name":"Association Fran\u00e7aise pour les Emissions N\u00e9gatives","alternateName":"AFEN","url":"https:\/\/afen.fr\/","logo":{"@type":"ImageObject","inLanguage":"en-US","@id":"https:\/\/afen.fr\/#\/schema\/logo\/image\/","url":"https:\/\/afen.fr\/wp-content\/uploads\/2024\/03\/AFEN-logo_rvb.svg","contentUrl":"https:\/\/afen.fr\/wp-content\/uploads\/2024\/03\/AFEN-logo_rvb.svg","width":777,"height":120,"caption":"Association Fran\u00e7aise pour les Emissions N\u00e9gatives"},"image":{"@id":"https:\/\/afen.fr\/#\/schema\/logo\/image\/"},"sameAs":["https:\/\/www.linkedin.com\/company\/afen\/"]}]}},"_links":{"self":[{"href":"https:\/\/afen.fr\/en\/wp-json\/wp\/v2\/pages\/2733"}],"collection":[{"href":"https:\/\/afen.fr\/en\/wp-json\/wp\/v2\/pages"}],"about":[{"href":"https:\/\/afen.fr\/en\/wp-json\/wp\/v2\/types\/page"}],"author":[{"embeddable":true,"href":"https:\/\/afen.fr\/en\/wp-json\/wp\/v2\/users\/4"}],"replies":[{"embeddable":true,"href":"https:\/\/afen.fr\/en\/wp-json\/wp\/v2\/comments?post=2733"}],"version-history":[{"count":83,"href":"https:\/\/afen.fr\/en\/wp-json\/wp\/v2\/pages\/2733\/revisions"}],"predecessor-version":[{"id":3356,"href":"https:\/\/afen.fr\/en\/wp-json\/wp\/v2\/pages\/2733\/revisions\/3356"}],"up":[{"embeddable":true,"href":"https:\/\/afen.fr\/en\/wp-json\/wp\/v2\/pages\/585"}],"wp:featuredmedia":[{"embeddable":true,"href":"https:\/\/afen.fr\/en\/wp-json\/wp\/v2\/media\/2734"}],"wp:attachment":[{"href":"https:\/\/afen.fr\/en\/wp-json\/wp\/v2\/media?parent=2733"}],"curies":[{"name":"wp","href":"https:\/\/api.w.org\/{rel}","templated":true}]}}