{"id":3328,"date":"2026-03-11T09:08:58","date_gmt":"2026-03-11T08:08:58","guid":{"rendered":"https:\/\/afen.fr\/?page_id=3328"},"modified":"2026-03-26T06:01:33","modified_gmt":"2026-03-26T05:01:33","slug":"la-force-des-territoires-au-coeur-de-ledc-projets-existants-et-potentiel-de-deploiement","status":"publish","type":"page","link":"https:\/\/afen.fr\/en\/ressources-and-events\/la-force-des-territoires-au-coeur-de-ledc-projets-existants-et-potentiel-de-deploiement\/","title":{"rendered":"La force des territoires au c\u0153ur de l&rsquo;EDC"},"content":{"rendered":"<div data-elementor-type=\"wp-page\" data-elementor-id=\"3328\" class=\"elementor elementor-3328\" data-elementor-post-type=\"page\">\n\t\t\t\t<div class=\"elementor-element elementor-element-039d2dc e-flex e-con-boxed e-con e-parent\" data-id=\"039d2dc\" data-element_type=\"container\">\n\t\t\t\t\t<div class=\"e-con-inner\">\n\t\t\t\t\t<\/div>\n\t\t\t\t<\/div>\n\t\t<div class=\"elementor-element elementor-element-2ae09c2 e-flex e-con-boxed e-con e-parent\" data-id=\"2ae09c2\" data-element_type=\"container\">\n\t\t\t\t\t<div class=\"e-con-inner\">\n\t\t\t\t\t<\/div>\n\t\t\t\t<\/div>\n\t\t<div class=\"elementor-element elementor-element-2ab4dde3 e-flex e-con-boxed e-con e-parent\" data-id=\"2ab4dde3\" data-element_type=\"container\" data-settings=\"{&quot;background_background&quot;:&quot;classic&quot;}\">\n\t\t\t\t\t<div class=\"e-con-inner\">\n\t\t\t\t<div class=\"elementor-element elementor-element-3e8cf503 elementor-widget elementor-widget-breadcrumbs\" data-id=\"3e8cf503\" data-element_type=\"widget\" data-widget_type=\"breadcrumbs.default\">\n\t\t\t\t<div class=\"elementor-widget-container\">\n\t\t\t<p id=\"breadcrumbs\"><span><span><a href=\"https:\/\/afen.fr\/en\/\">Homepage<\/a><\/span><\/span><\/p>\t\t<\/div>\n\t\t\t\t<\/div>\n\t\t\t\t\t<\/div>\n\t\t\t\t<\/div>\n\t\t<div class=\"elementor-element elementor-element-8855254 e-flex e-con-boxed e-con e-parent\" data-id=\"8855254\" data-element_type=\"container\">\n\t\t\t\t\t<div class=\"e-con-inner\">\n\t\t\t\t<div class=\"elementor-element elementor-element-9e27a4a elementor-widget elementor-widget-text-editor\" data-id=\"9e27a4a\" data-element_type=\"widget\" data-widget_type=\"text-editor.default\">\n\t\t\t\t<div class=\"elementor-widget-container\">\n\t\t\t\t\t\t\t<p><strong>Une analyse in\u00e9dite de l&rsquo;AFEN sur l&rsquo;\u00e9limination du carbone (EDC) dans les territoires fran\u00e7ais.\u00a0<\/strong><\/p><p>L&rsquo;AFEN publie, dans ce rapport, la premi\u00e8re carte de l&rsquo;EDC sur les territoires fran\u00e7ais. Vous y trouverez :\u00a0\u00a0<\/p><ol><li style=\"list-style-type: none;\"><ol><li>Un scoring, pour chaque r\u00e9gion fran\u00e7aise, \u00e9valuant son \u00ab\u00a0potentiel EDC\u00a0\u00bb (voir la <a href=\"https:\/\/afen.fr\/en\/actualite\/edc-territoires-methodologie-de-la-carte-afen\/\" target=\"_blank\" rel=\"noopener\">m\u00e9thodologie\u00a0<\/a>utilis\u00e9e)<\/li><li>Les 25 projets d&rsquo;EDC existants que nous avons localis\u00e9s en France dans nos r\u00e9gions (voir d\u00e9tails sur les\u00a0<a href=\"https:\/\/afen.fr\/en\/actualite\/edc-territoires-liste-des-projets-repertories-et-criteres-dinclusion\/\" target=\"_blank\" rel=\"noopener\">projets r\u00e9pertori\u00e9s<\/a>)<\/li><li>Un zoom, r\u00e9gion par r\u00e9gion, sur les sp\u00e9cificit\u00e9s propres \u00e0 chaque territoire<\/li><\/ol><\/li><\/ol>\t\t\t\t\t\t<\/div>\n\t\t\t\t<\/div>\n\t\t\t\t<div class=\"elementor-element elementor-element-301b5ea elementor-align-center elementor-widget elementor-widget-button\" data-id=\"301b5ea\" data-element_type=\"widget\" data-widget_type=\"button.default\">\n\t\t\t\t<div class=\"elementor-widget-container\">\n\t\t\t\t\t<div class=\"elementor-button-wrapper\">\n\t\t\t<a class=\"elementor-button elementor-button-link elementor-size-sm\" href=\"https:\/\/afen.fr\/wp-content\/uploads\/2026\/03\/EDC-Potentiel-Regions_v5.pdf\">\n\t\t\t\t\t\t<span class=\"elementor-button-content-wrapper\">\n\t\t\t\t\t\t\t\t\t<span class=\"elementor-button-text\">T\u00e9l\u00e9charger le rapport<\/span>\n\t\t\t\t\t<\/span>\n\t\t\t\t\t<\/a>\n\t\t<\/div>\n\t\t\t\t<\/div>\n\t\t\t\t<\/div>\n\t\t\t\t<div class=\"elementor-element elementor-element-45f3d15 elementor-widget elementor-widget-image\" data-id=\"45f3d15\" data-element_type=\"widget\" data-widget_type=\"image.default\">\n\t\t\t\t<div class=\"elementor-widget-container\">\n\t\t\t\t\t\t\t\t\t\t\t\t\t\t<a href=\"https:\/\/afen.fr\/wp-content\/uploads\/2026\/03\/EDC-Potentiel-Regions_v5.pdf\">\n\t\t\t\t\t\t\t<img fetchpriority=\"high\" decoding=\"async\" width=\"800\" height=\"418\" src=\"https:\/\/afen.fr\/wp-content\/uploads\/2026\/03\/linkedin2-1-1024x535.jpg\" class=\"attachment-large size-large wp-image-3333\" alt=\"\" srcset=\"https:\/\/afen.fr\/wp-content\/uploads\/2026\/03\/linkedin2-1-1024x535.jpg 1024w, https:\/\/afen.fr\/wp-content\/uploads\/2026\/03\/linkedin2-1-300x157.jpg 300w, https:\/\/afen.fr\/wp-content\/uploads\/2026\/03\/linkedin2-1-768x401.jpg 768w, https:\/\/afen.fr\/wp-content\/uploads\/2026\/03\/linkedin2-1-18x9.jpg 18w, https:\/\/afen.fr\/wp-content\/uploads\/2026\/03\/linkedin2-1.jpg 1200w\" sizes=\"(max-width: 800px) 100vw, 800px\" \/>\t\t\t\t\t\t\t\t<\/a>\n\t\t\t\t\t\t\t\t\t\t\t\t\t<\/div>\n\t\t\t\t<\/div>\n\t\t\t\t<div class=\"elementor-element elementor-element-3596a57 elementor-widget elementor-widget-text-editor\" data-id=\"3596a57\" data-element_type=\"widget\" data-widget_type=\"text-editor.default\">\n\t\t\t\t<div class=\"elementor-widget-container\">\n\t\t\t\t\t\t\t<p>Cette cartographie est un travail \u00e9volutif. Nous recherchons des compl\u00e9ments, corrections et retours de terrain (projets EDC, sources, donn\u00e9es, am\u00e9liorations m\u00e9thodologiques, t\u00e9moignages d\u2019\u00e9lus et d\u2019acteurs locaux&#8230;). N&rsquo;h\u00e9sitez pas \u00e0&nbsp;<a href=\"https:\/\/afen.fr\/en\/contact-us\/\" target=\"_blank\">nous contacter<\/a>&nbsp;pour contribuer.&nbsp;<\/p>\n<p>Pour suivre nos actualit\u00e9s :&nbsp;<a href=\"https:\/\/fr.linkedin.com\/company\/afen\">https:\/\/fr.linkedin.com\/company\/afen<\/a><\/p>\t\t\t\t\t\t<\/div>\n\t\t\t\t<\/div>\n\t\t\t\t\t<\/div>\n\t\t\t\t<\/div>\n\t\t<div class=\"elementor-element elementor-element-8c0dd79 e-flex e-con-boxed e-con e-parent\" data-id=\"8c0dd79\" data-element_type=\"container\">\n\t\t\t\t\t<div class=\"e-con-inner\">\n\t\t\t\t\t<\/div>\n\t\t\t\t<\/div>\n\t\t\t\t<\/div>","protected":false},"excerpt":{"rendered":"<p>Une analyse in\u00e9dite de l&rsquo;AFEN sur l&rsquo;\u00e9limination du carbone (EDC) dans les territoires fran\u00e7ais.\u00a0 L&rsquo;AFEN publie, dans ce rapport, la premi\u00e8re carte de l&rsquo;EDC sur les territoires fran\u00e7ais. Vous y trouverez :\u00a0\u00a0 Un scoring, pour chaque r\u00e9gion fran\u00e7aise, \u00e9valuant son \u00ab\u00a0potentiel EDC\u00a0\u00bb (voir la m\u00e9thodologie\u00a0utilis\u00e9e) Les 25 projets d&rsquo;EDC existants que nous avons localis\u00e9s en [&hellip;]<\/p>","protected":false},"author":7,"featured_media":0,"parent":585,"menu_order":0,"comment_status":"closed","ping_status":"closed","template":"","meta":{"footnotes":""},"class_list":["post-3328","page","type-page","status-publish","hentry"],"yoast_head":"<!-- This site is optimized with the Yoast SEO plugin v23.4 - https:\/\/yoast.com\/wordpress\/plugins\/seo\/ -->\n<title>La force des territoires au c\u0153ur de l&#039;EDC &#8211; AFEN<\/title>\n<meta name=\"robots\" content=\"index, follow, max-snippet:-1, max-image-preview:large, max-video-preview:-1\" \/>\n<link rel=\"canonical\" href=\"https:\/\/afen.fr\/en\/ressources-and-events\/la-force-des-territoires-au-coeur-de-ledc-projets-existants-et-potentiel-de-deploiement\/\" \/>\n<meta property=\"og:locale\" content=\"en_US\" \/>\n<meta property=\"og:type\" content=\"article\" \/>\n<meta property=\"og:title\" content=\"La force des territoires au c\u0153ur de l&#039;EDC &#8211; AFEN\" \/>\n<meta property=\"og:description\" content=\"Une analyse in\u00e9dite de l&rsquo;AFEN sur l&rsquo;\u00e9limination du carbone (EDC) dans les territoires fran\u00e7ais.\u00a0 L&rsquo;AFEN publie, dans ce rapport, la premi\u00e8re carte de l&rsquo;EDC sur les territoires fran\u00e7ais. Vous y trouverez :\u00a0\u00a0 Un scoring, pour chaque r\u00e9gion fran\u00e7aise, \u00e9valuant son \u00ab\u00a0potentiel EDC\u00a0\u00bb (voir la m\u00e9thodologie\u00a0utilis\u00e9e) Les 25 projets d&rsquo;EDC existants que nous avons localis\u00e9s en [&hellip;]\" \/>\n<meta property=\"og:url\" content=\"https:\/\/afen.fr\/en\/ressources-and-events\/la-force-des-territoires-au-coeur-de-ledc-projets-existants-et-potentiel-de-deploiement\/\" \/>\n<meta property=\"og:site_name\" content=\"AFEN\" \/>\n<meta property=\"article:modified_time\" content=\"2026-03-26T05:01:33+00:00\" \/>\n<meta property=\"og:image\" content=\"https:\/\/afen.fr\/wp-content\/uploads\/2026\/03\/linkedin2-1-1024x535.jpg\" \/>\n<meta name=\"twitter:card\" content=\"summary_large_image\" \/>\n<meta name=\"twitter:label1\" content=\"Est. reading time\" \/>\n\t<meta name=\"twitter:data1\" content=\"1 minute\" \/>\n<script type=\"application\/ld+json\" class=\"yoast-schema-graph\">{\"@context\":\"https:\/\/schema.org\",\"@graph\":[{\"@type\":\"WebPage\",\"@id\":\"https:\/\/afen.fr\/ressources-et-evenements\/la-force-des-territoires-au-coeur-de-ledc-projets-existants-et-potentiel-de-deploiement\/\",\"url\":\"https:\/\/afen.fr\/ressources-et-evenements\/la-force-des-territoires-au-coeur-de-ledc-projets-existants-et-potentiel-de-deploiement\/\",\"name\":\"La force des territoires au c\u0153ur de l'EDC &#8211; AFEN\",\"isPartOf\":{\"@id\":\"https:\/\/afen.fr\/#website\"},\"primaryImageOfPage\":{\"@id\":\"https:\/\/afen.fr\/ressources-et-evenements\/la-force-des-territoires-au-coeur-de-ledc-projets-existants-et-potentiel-de-deploiement\/#primaryimage\"},\"image\":{\"@id\":\"https:\/\/afen.fr\/ressources-et-evenements\/la-force-des-territoires-au-coeur-de-ledc-projets-existants-et-potentiel-de-deploiement\/#primaryimage\"},\"thumbnailUrl\":\"https:\/\/afen.fr\/wp-content\/uploads\/2026\/03\/linkedin2-1-1024x535.jpg\",\"datePublished\":\"2026-03-11T08:08:58+00:00\",\"dateModified\":\"2026-03-26T05:01:33+00:00\",\"breadcrumb\":{\"@id\":\"https:\/\/afen.fr\/ressources-et-evenements\/la-force-des-territoires-au-coeur-de-ledc-projets-existants-et-potentiel-de-deploiement\/#breadcrumb\"},\"inLanguage\":\"en-US\",\"potentialAction\":[{\"@type\":\"ReadAction\",\"target\":[\"https:\/\/afen.fr\/ressources-et-evenements\/la-force-des-territoires-au-coeur-de-ledc-projets-existants-et-potentiel-de-deploiement\/\"]}]},{\"@type\":\"ImageObject\",\"inLanguage\":\"en-US\",\"@id\":\"https:\/\/afen.fr\/ressources-et-evenements\/la-force-des-territoires-au-coeur-de-ledc-projets-existants-et-potentiel-de-deploiement\/#primaryimage\",\"url\":\"https:\/\/afen.fr\/wp-content\/uploads\/2026\/03\/linkedin2-1-1024x535.jpg\",\"contentUrl\":\"https:\/\/afen.fr\/wp-content\/uploads\/2026\/03\/linkedin2-1-1024x535.jpg\"},{\"@type\":\"BreadcrumbList\",\"@id\":\"https:\/\/afen.fr\/ressources-et-evenements\/la-force-des-territoires-au-coeur-de-ledc-projets-existants-et-potentiel-de-deploiement\/#breadcrumb\",\"itemListElement\":[{\"@type\":\"ListItem\",\"position\":1,\"name\":\"Accueil\",\"item\":\"https:\/\/afen.fr\/\"},{\"@type\":\"ListItem\",\"position\":2,\"name\":\"Ressources et \u00e9v\u00e9nements\",\"item\":\"https:\/\/afen.fr\/ressources-et-evenements\/\"},{\"@type\":\"ListItem\",\"position\":3,\"name\":\"La force des territoires au c\u0153ur de l&rsquo;EDC\"}]},{\"@type\":\"WebSite\",\"@id\":\"https:\/\/afen.fr\/#website\",\"url\":\"https:\/\/afen.fr\/\",\"name\":\"AFEN\",\"description\":\"Association Fran\u00e7aise pour les \u00c9missions N\u00e9gatives\",\"publisher\":{\"@id\":\"https:\/\/afen.fr\/#organization\"},\"potentialAction\":[{\"@type\":\"SearchAction\",\"target\":{\"@type\":\"EntryPoint\",\"urlTemplate\":\"https:\/\/afen.fr\/?s={search_term_string}\"},\"query-input\":{\"@type\":\"PropertyValueSpecification\",\"valueRequired\":true,\"valueName\":\"search_term_string\"}}],\"inLanguage\":\"en-US\"},{\"@type\":\"Organization\",\"@id\":\"https:\/\/afen.fr\/#organization\",\"name\":\"Association Fran\u00e7aise pour les Emissions N\u00e9gatives\",\"alternateName\":\"AFEN\",\"url\":\"https:\/\/afen.fr\/\",\"logo\":{\"@type\":\"ImageObject\",\"inLanguage\":\"en-US\",\"@id\":\"https:\/\/afen.fr\/#\/schema\/logo\/image\/\",\"url\":\"https:\/\/afen.fr\/wp-content\/uploads\/2024\/03\/AFEN-logo_rvb.svg\",\"contentUrl\":\"https:\/\/afen.fr\/wp-content\/uploads\/2024\/03\/AFEN-logo_rvb.svg\",\"width\":777,\"height\":120,\"caption\":\"Association Fran\u00e7aise pour les Emissions N\u00e9gatives\"},\"image\":{\"@id\":\"https:\/\/afen.fr\/#\/schema\/logo\/image\/\"},\"sameAs\":[\"https:\/\/www.linkedin.com\/company\/afen\/\"]}]}<\/script>\n<!-- \/ Yoast SEO plugin. -->","yoast_head_json":{"title":"La force des territoires au c\u0153ur de l'EDC &#8211; AFEN","robots":{"index":"index","follow":"follow","max-snippet":"max-snippet:-1","max-image-preview":"max-image-preview:large","max-video-preview":"max-video-preview:-1"},"canonical":"https:\/\/afen.fr\/en\/ressources-and-events\/la-force-des-territoires-au-coeur-de-ledc-projets-existants-et-potentiel-de-deploiement\/","og_locale":"en_US","og_type":"article","og_title":"La force des territoires au c\u0153ur de l'EDC &#8211; AFEN","og_description":"Une analyse in\u00e9dite de l&rsquo;AFEN sur l&rsquo;\u00e9limination du carbone (EDC) dans les territoires fran\u00e7ais.\u00a0 L&rsquo;AFEN publie, dans ce rapport, la premi\u00e8re carte de l&rsquo;EDC sur les territoires fran\u00e7ais. Vous y trouverez :\u00a0\u00a0 Un scoring, pour chaque r\u00e9gion fran\u00e7aise, \u00e9valuant son \u00ab\u00a0potentiel EDC\u00a0\u00bb (voir la m\u00e9thodologie\u00a0utilis\u00e9e) Les 25 projets d&rsquo;EDC existants que nous avons localis\u00e9s en [&hellip;]","og_url":"https:\/\/afen.fr\/en\/ressources-and-events\/la-force-des-territoires-au-coeur-de-ledc-projets-existants-et-potentiel-de-deploiement\/","og_site_name":"AFEN","article_modified_time":"2026-03-26T05:01:33+00:00","og_image":[{"url":"https:\/\/afen.fr\/wp-content\/uploads\/2026\/03\/linkedin2-1-1024x535.jpg"}],"twitter_card":"summary_large_image","twitter_misc":{"Est. reading time":"1 minute"},"schema":{"@context":"https:\/\/schema.org","@graph":[{"@type":"WebPage","@id":"https:\/\/afen.fr\/ressources-et-evenements\/la-force-des-territoires-au-coeur-de-ledc-projets-existants-et-potentiel-de-deploiement\/","url":"https:\/\/afen.fr\/ressources-et-evenements\/la-force-des-territoires-au-coeur-de-ledc-projets-existants-et-potentiel-de-deploiement\/","name":"La force des territoires au c\u0153ur de l'EDC &#8211; AFEN","isPartOf":{"@id":"https:\/\/afen.fr\/#website"},"primaryImageOfPage":{"@id":"https:\/\/afen.fr\/ressources-et-evenements\/la-force-des-territoires-au-coeur-de-ledc-projets-existants-et-potentiel-de-deploiement\/#primaryimage"},"image":{"@id":"https:\/\/afen.fr\/ressources-et-evenements\/la-force-des-territoires-au-coeur-de-ledc-projets-existants-et-potentiel-de-deploiement\/#primaryimage"},"thumbnailUrl":"https:\/\/afen.fr\/wp-content\/uploads\/2026\/03\/linkedin2-1-1024x535.jpg","datePublished":"2026-03-11T08:08:58+00:00","dateModified":"2026-03-26T05:01:33+00:00","breadcrumb":{"@id":"https:\/\/afen.fr\/ressources-et-evenements\/la-force-des-territoires-au-coeur-de-ledc-projets-existants-et-potentiel-de-deploiement\/#breadcrumb"},"inLanguage":"en-US","potentialAction":[{"@type":"ReadAction","target":["https:\/\/afen.fr\/ressources-et-evenements\/la-force-des-territoires-au-coeur-de-ledc-projets-existants-et-potentiel-de-deploiement\/"]}]},{"@type":"ImageObject","inLanguage":"en-US","@id":"https:\/\/afen.fr\/ressources-et-evenements\/la-force-des-territoires-au-coeur-de-ledc-projets-existants-et-potentiel-de-deploiement\/#primaryimage","url":"https:\/\/afen.fr\/wp-content\/uploads\/2026\/03\/linkedin2-1-1024x535.jpg","contentUrl":"https:\/\/afen.fr\/wp-content\/uploads\/2026\/03\/linkedin2-1-1024x535.jpg"},{"@type":"BreadcrumbList","@id":"https:\/\/afen.fr\/ressources-et-evenements\/la-force-des-territoires-au-coeur-de-ledc-projets-existants-et-potentiel-de-deploiement\/#breadcrumb","itemListElement":[{"@type":"ListItem","position":1,"name":"Accueil","item":"https:\/\/afen.fr\/"},{"@type":"ListItem","position":2,"name":"Ressources et \u00e9v\u00e9nements","item":"https:\/\/afen.fr\/ressources-et-evenements\/"},{"@type":"ListItem","position":3,"name":"La force des territoires au c\u0153ur de l&rsquo;EDC"}]},{"@type":"WebSite","@id":"https:\/\/afen.fr\/#website","url":"https:\/\/afen.fr\/","name":"AFEN","description":"Association Fran\u00e7aise pour les \u00c9missions N\u00e9gatives","publisher":{"@id":"https:\/\/afen.fr\/#organization"},"potentialAction":[{"@type":"SearchAction","target":{"@type":"EntryPoint","urlTemplate":"https:\/\/afen.fr\/?s={search_term_string}"},"query-input":{"@type":"PropertyValueSpecification","valueRequired":true,"valueName":"search_term_string"}}],"inLanguage":"en-US"},{"@type":"Organization","@id":"https:\/\/afen.fr\/#organization","name":"Association Fran\u00e7aise pour les Emissions N\u00e9gatives","alternateName":"AFEN","url":"https:\/\/afen.fr\/","logo":{"@type":"ImageObject","inLanguage":"en-US","@id":"https:\/\/afen.fr\/#\/schema\/logo\/image\/","url":"https:\/\/afen.fr\/wp-content\/uploads\/2024\/03\/AFEN-logo_rvb.svg","contentUrl":"https:\/\/afen.fr\/wp-content\/uploads\/2024\/03\/AFEN-logo_rvb.svg","width":777,"height":120,"caption":"Association Fran\u00e7aise pour les Emissions N\u00e9gatives"},"image":{"@id":"https:\/\/afen.fr\/#\/schema\/logo\/image\/"},"sameAs":["https:\/\/www.linkedin.com\/company\/afen\/"]}]}},"_links":{"self":[{"href":"https:\/\/afen.fr\/en\/wp-json\/wp\/v2\/pages\/3328"}],"collection":[{"href":"https:\/\/afen.fr\/en\/wp-json\/wp\/v2\/pages"}],"about":[{"href":"https:\/\/afen.fr\/en\/wp-json\/wp\/v2\/types\/page"}],"author":[{"embeddable":true,"href":"https:\/\/afen.fr\/en\/wp-json\/wp\/v2\/users\/7"}],"replies":[{"embeddable":true,"href":"https:\/\/afen.fr\/en\/wp-json\/wp\/v2\/comments?post=3328"}],"version-history":[{"count":39,"href":"https:\/\/afen.fr\/en\/wp-json\/wp\/v2\/pages\/3328\/revisions"}],"predecessor-version":[{"id":3395,"href":"https:\/\/afen.fr\/en\/wp-json\/wp\/v2\/pages\/3328\/revisions\/3395"}],"up":[{"embeddable":true,"href":"https:\/\/afen.fr\/en\/wp-json\/wp\/v2\/pages\/585"}],"wp:attachment":[{"href":"https:\/\/afen.fr\/en\/wp-json\/wp\/v2\/media?parent=3328"}],"curies":[{"name":"wp","href":"https:\/\/api.w.org\/{rel}","templated":true}]}}