{"id":868,"date":"2024-04-03T09:57:40","date_gmt":"2024-04-03T07:57:40","guid":{"rendered":"https:\/\/afen.fr\/?page_id=868"},"modified":"2024-04-03T16:09:57","modified_gmt":"2024-04-03T14:09:57","slug":"conditions-dutilisation","status":"publish","type":"page","link":"https:\/\/afen.fr\/en\/conditions-of-use\/","title":{"rendered":"Terms and conditions"},"content":{"rendered":"<p>Terms and services<\/p>","protected":false},"excerpt":{"rendered":"<p>Terms and services<\/p>","protected":false},"author":2,"featured_media":0,"parent":0,"menu_order":0,"comment_status":"closed","ping_status":"closed","template":"","meta":{"footnotes":""},"class_list":["post-868","page","type-page","status-publish","hentry"],"yoast_head":"<!-- This site is optimized with the Yoast SEO plugin v23.4 - https:\/\/yoast.com\/wordpress\/plugins\/seo\/ -->\n<title>Conditions d&#039;utilisation &#8211; AFEN<\/title>\n<meta name=\"robots\" content=\"index, follow, max-snippet:-1, max-image-preview:large, max-video-preview:-1\" \/>\n<link rel=\"canonical\" href=\"https:\/\/afen.fr\/en\/conditions-of-use\/\" \/>\n<meta property=\"og:locale\" content=\"en_US\" \/>\n<meta property=\"og:type\" content=\"article\" \/>\n<meta property=\"og:title\" content=\"Conditions d&#039;utilisation &#8211; AFEN\" \/>\n<meta property=\"og:description\" content=\"Terms and services\" \/>\n<meta property=\"og:url\" content=\"https:\/\/afen.fr\/en\/conditions-of-use\/\" \/>\n<meta property=\"og:site_name\" content=\"AFEN\" \/>\n<meta property=\"article:modified_time\" content=\"2024-04-03T14:09:57+00:00\" \/>\n<meta name=\"twitter:card\" content=\"summary_large_image\" \/>\n<script type=\"application\/ld+json\" class=\"yoast-schema-graph\">{\"@context\":\"https:\/\/schema.org\",\"@graph\":[{\"@type\":\"WebPage\",\"@id\":\"https:\/\/afen.fr\/conditions-dutilisation\/\",\"url\":\"https:\/\/afen.fr\/conditions-dutilisation\/\",\"name\":\"Conditions d'utilisation &#8211; AFEN\",\"isPartOf\":{\"@id\":\"https:\/\/afen.fr\/#website\"},\"datePublished\":\"2024-04-03T07:57:40+00:00\",\"dateModified\":\"2024-04-03T14:09:57+00:00\",\"breadcrumb\":{\"@id\":\"https:\/\/afen.fr\/conditions-dutilisation\/#breadcrumb\"},\"inLanguage\":\"en-US\",\"potentialAction\":[{\"@type\":\"ReadAction\",\"target\":[\"https:\/\/afen.fr\/conditions-dutilisation\/\"]}]},{\"@type\":\"BreadcrumbList\",\"@id\":\"https:\/\/afen.fr\/conditions-dutilisation\/#breadcrumb\",\"itemListElement\":[{\"@type\":\"ListItem\",\"position\":1,\"name\":\"Accueil\",\"item\":\"https:\/\/afen.fr\/\"},{\"@type\":\"ListItem\",\"position\":2,\"name\":\"Conditions d&rsquo;utilisation\"}]},{\"@type\":\"WebSite\",\"@id\":\"https:\/\/afen.fr\/#website\",\"url\":\"https:\/\/afen.fr\/\",\"name\":\"AFEN\",\"description\":\"Association Fran\u00e7aise pour les \u00c9missions N\u00e9gatives\",\"publisher\":{\"@id\":\"https:\/\/afen.fr\/#organization\"},\"potentialAction\":[{\"@type\":\"SearchAction\",\"target\":{\"@type\":\"EntryPoint\",\"urlTemplate\":\"https:\/\/afen.fr\/?s={search_term_string}\"},\"query-input\":{\"@type\":\"PropertyValueSpecification\",\"valueRequired\":true,\"valueName\":\"search_term_string\"}}],\"inLanguage\":\"en-US\"},{\"@type\":\"Organization\",\"@id\":\"https:\/\/afen.fr\/#organization\",\"name\":\"Association Fran\u00e7aise pour les Emissions N\u00e9gatives\",\"alternateName\":\"AFEN\",\"url\":\"https:\/\/afen.fr\/\",\"logo\":{\"@type\":\"ImageObject\",\"inLanguage\":\"en-US\",\"@id\":\"https:\/\/afen.fr\/#\/schema\/logo\/image\/\",\"url\":\"https:\/\/afen.fr\/wp-content\/uploads\/2024\/03\/AFEN-logo_rvb.svg\",\"contentUrl\":\"https:\/\/afen.fr\/wp-content\/uploads\/2024\/03\/AFEN-logo_rvb.svg\",\"width\":777,\"height\":120,\"caption\":\"Association Fran\u00e7aise pour les Emissions N\u00e9gatives\"},\"image\":{\"@id\":\"https:\/\/afen.fr\/#\/schema\/logo\/image\/\"},\"sameAs\":[\"https:\/\/www.linkedin.com\/company\/afen\/\"]}]}<\/script>\n<!-- \/ Yoast SEO plugin. -->","yoast_head_json":{"title":"Conditions d'utilisation &#8211; AFEN","robots":{"index":"index","follow":"follow","max-snippet":"max-snippet:-1","max-image-preview":"max-image-preview:large","max-video-preview":"max-video-preview:-1"},"canonical":"https:\/\/afen.fr\/en\/conditions-of-use\/","og_locale":"en_US","og_type":"article","og_title":"Conditions d'utilisation &#8211; AFEN","og_description":"Terms and services","og_url":"https:\/\/afen.fr\/en\/conditions-of-use\/","og_site_name":"AFEN","article_modified_time":"2024-04-03T14:09:57+00:00","twitter_card":"summary_large_image","schema":{"@context":"https:\/\/schema.org","@graph":[{"@type":"WebPage","@id":"https:\/\/afen.fr\/conditions-dutilisation\/","url":"https:\/\/afen.fr\/conditions-dutilisation\/","name":"Conditions d'utilisation &#8211; AFEN","isPartOf":{"@id":"https:\/\/afen.fr\/#website"},"datePublished":"2024-04-03T07:57:40+00:00","dateModified":"2024-04-03T14:09:57+00:00","breadcrumb":{"@id":"https:\/\/afen.fr\/conditions-dutilisation\/#breadcrumb"},"inLanguage":"en-US","potentialAction":[{"@type":"ReadAction","target":["https:\/\/afen.fr\/conditions-dutilisation\/"]}]},{"@type":"BreadcrumbList","@id":"https:\/\/afen.fr\/conditions-dutilisation\/#breadcrumb","itemListElement":[{"@type":"ListItem","position":1,"name":"Accueil","item":"https:\/\/afen.fr\/"},{"@type":"ListItem","position":2,"name":"Conditions d&rsquo;utilisation"}]},{"@type":"WebSite","@id":"https:\/\/afen.fr\/#website","url":"https:\/\/afen.fr\/","name":"AFEN","description":"Association Fran\u00e7aise pour les \u00c9missions N\u00e9gatives","publisher":{"@id":"https:\/\/afen.fr\/#organization"},"potentialAction":[{"@type":"SearchAction","target":{"@type":"EntryPoint","urlTemplate":"https:\/\/afen.fr\/?s={search_term_string}"},"query-input":{"@type":"PropertyValueSpecification","valueRequired":true,"valueName":"search_term_string"}}],"inLanguage":"en-US"},{"@type":"Organization","@id":"https:\/\/afen.fr\/#organization","name":"Association Fran\u00e7aise pour les Emissions N\u00e9gatives","alternateName":"AFEN","url":"https:\/\/afen.fr\/","logo":{"@type":"ImageObject","inLanguage":"en-US","@id":"https:\/\/afen.fr\/#\/schema\/logo\/image\/","url":"https:\/\/afen.fr\/wp-content\/uploads\/2024\/03\/AFEN-logo_rvb.svg","contentUrl":"https:\/\/afen.fr\/wp-content\/uploads\/2024\/03\/AFEN-logo_rvb.svg","width":777,"height":120,"caption":"Association Fran\u00e7aise pour les Emissions N\u00e9gatives"},"image":{"@id":"https:\/\/afen.fr\/#\/schema\/logo\/image\/"},"sameAs":["https:\/\/www.linkedin.com\/company\/afen\/"]}]}},"_links":{"self":[{"href":"https:\/\/afen.fr\/en\/wp-json\/wp\/v2\/pages\/868"}],"collection":[{"href":"https:\/\/afen.fr\/en\/wp-json\/wp\/v2\/pages"}],"about":[{"href":"https:\/\/afen.fr\/en\/wp-json\/wp\/v2\/types\/page"}],"author":[{"embeddable":true,"href":"https:\/\/afen.fr\/en\/wp-json\/wp\/v2\/users\/2"}],"replies":[{"embeddable":true,"href":"https:\/\/afen.fr\/en\/wp-json\/wp\/v2\/comments?post=868"}],"version-history":[{"count":3,"href":"https:\/\/afen.fr\/en\/wp-json\/wp\/v2\/pages\/868\/revisions"}],"predecessor-version":[{"id":1029,"href":"https:\/\/afen.fr\/en\/wp-json\/wp\/v2\/pages\/868\/revisions\/1029"}],"wp:attachment":[{"href":"https:\/\/afen.fr\/en\/wp-json\/wp\/v2\/media?parent=868"}],"curies":[{"name":"wp","href":"https:\/\/api.w.org\/{rel}","templated":true}]}}